{"id":58,"date":"2024-11-14T04:41:05","date_gmt":"2024-11-14T04:41:05","guid":{"rendered":"https:\/\/www.sanbartolome.co\/?page_id=58"},"modified":"2025-09-26T16:59:41","modified_gmt":"2025-09-26T16:59:41","slug":"medio-ambiente","status":"publish","type":"page","link":"https:\/\/www.sanbartolome.co\/?page_id=58","title":{"rendered":"Medio Ambiente"},"content":{"rendered":"\t\t<div data-elementor-type=\"wp-page\" data-elementor-id=\"58\" class=\"elementor elementor-58\">\n\t\t\t\t<div class=\"elementor-element elementor-element-b2dfcae e-flex e-con-boxed e-con e-parent\" data-id=\"b2dfcae\" data-element_type=\"container\" data-e-type=\"container\">\n\t\t\t\t\t<div class=\"e-con-inner\">\n\t\t<div class=\"elementor-element elementor-element-9bf9031 e-con-full e-flex e-con e-child\" data-id=\"9bf9031\" data-element_type=\"container\" data-e-type=\"container\">\n\t\t\t\t<div class=\"elementor-element elementor-element-a483331 elementor-widget elementor-widget-image\" data-id=\"a483331\" data-element_type=\"widget\" data-e-type=\"widget\" data-widget_type=\"image.default\">\n\t\t\t\t<div class=\"elementor-widget-container\">\n\t\t\t\t\t\t\t\t\t\t\t\t\t\t\t<img decoding=\"async\" width=\"97\" height=\"97\" src=\"https:\/\/www.sanbartolome.co\/wp-content\/uploads\/2024\/11\/Icono-1-1.png\" class=\"attachment-large size-large wp-image-322\" alt=\"\" \/>\t\t\t\t\t\t\t\t\t\t\t\t\t\t\t<\/div>\n\t\t\t\t<\/div>\n\t\t\t\t<div class=\"elementor-element elementor-element-bbfed50 elementor-widget elementor-widget-heading\" data-id=\"bbfed50\" data-element_type=\"widget\" data-e-type=\"widget\" data-widget_type=\"heading.default\">\n\t\t\t\t<div class=\"elementor-widget-container\">\n\t\t\t\t\t<h2 class=\"elementor-heading-title elementor-size-default\">Medio Ambiente<\/h2>\t\t\t\t<\/div>\n\t\t\t\t<\/div>\n\t\t\t\t<\/div>\n\t\t\t\t\t<\/div>\n\t\t\t\t<\/div>\n\t\t<div class=\"elementor-element elementor-element-051787c e-flex e-con-boxed e-con e-parent\" data-id=\"051787c\" data-element_type=\"container\" data-e-type=\"container\" data-settings=\"{&quot;background_background&quot;:&quot;classic&quot;}\">\n\t\t\t\t\t<div class=\"e-con-inner\">\n\t\t<div class=\"elementor-element elementor-element-9b7f394 e-con-full e-flex e-con e-child\" data-id=\"9b7f394\" data-element_type=\"container\" data-e-type=\"container\">\n\t\t\t\t<div class=\"elementor-element elementor-element-a3a9287 elementor-widget__width-initial elementor-absolute elementor-widget elementor-widget-image\" data-id=\"a3a9287\" data-element_type=\"widget\" data-e-type=\"widget\" data-settings=\"{&quot;_position&quot;:&quot;absolute&quot;}\" data-widget_type=\"image.default\">\n\t\t\t\t<div class=\"elementor-widget-container\">\n\t\t\t\t\t\t\t\t\t\t\t\t\t\t\t<img decoding=\"async\" width=\"220\" height=\"75\" src=\"https:\/\/www.sanbartolome.co\/wp-content\/uploads\/2024\/11\/centrales_iconos2.png\" class=\"attachment-large size-large wp-image-339\" alt=\"\" \/>\t\t\t\t\t\t\t\t\t\t\t\t\t\t\t<\/div>\n\t\t\t\t<\/div>\n\t\t\t\t<div class=\"elementor-element elementor-element-ca3001e elementor-widget__width-initial elementor-absolute elementor-widget elementor-widget-text-editor\" data-id=\"ca3001e\" data-element_type=\"widget\" data-e-type=\"widget\" data-settings=\"{&quot;_position&quot;:&quot;absolute&quot;}\" data-widget_type=\"text-editor.default\">\n\t\t\t\t<div class=\"elementor-widget-container\">\n\t\t\t\t\t\t\t\t\t<div class=\"page\" title=\"Page 2\"><div class=\"section\"><div class=\"layoutArea\"><div class=\"column\"><p><strong>Ubicada ri\u0301o abajo en el Oibita<\/strong><\/p><\/div><\/div><\/div><\/div>\t\t\t\t\t\t\t\t<\/div>\n\t\t\t\t<\/div>\n\t\t\t\t<div class=\"elementor-element elementor-element-738c503 elementor-widget elementor-widget-image\" data-id=\"738c503\" data-element_type=\"widget\" data-e-type=\"widget\" data-widget_type=\"image.default\">\n\t\t\t\t<div class=\"elementor-widget-container\">\n\t\t\t\t\t\t\t\t\t\t\t\t\t\t\t<img fetchpriority=\"high\" decoding=\"async\" width=\"723\" height=\"800\" src=\"https:\/\/www.sanbartolome.co\/wp-content\/uploads\/2024\/11\/caudal_amb2.png\" class=\"attachment-large size-large wp-image-1107\" alt=\"\" srcset=\"https:\/\/www.sanbartolome.co\/wp-content\/uploads\/2024\/11\/caudal_amb2.png 723w, https:\/\/www.sanbartolome.co\/wp-content\/uploads\/2024\/11\/caudal_amb2-271x300.png 271w\" sizes=\"(max-width: 723px) 100vw, 723px\" \/>\t\t\t\t\t\t\t\t\t\t\t\t\t\t\t<\/div>\n\t\t\t\t<\/div>\n\t\t\t\t<div class=\"elementor-element elementor-element-b09d421 elementor-widget__width-initial elementor-absolute elementor-hidden-desktop elementor-hidden-tablet elementor-hidden-mobile elementor-widget elementor-widget-image\" data-id=\"b09d421\" data-element_type=\"widget\" data-e-type=\"widget\" data-settings=\"{&quot;_position&quot;:&quot;absolute&quot;}\" data-widget_type=\"image.default\">\n\t\t\t\t<div class=\"elementor-widget-container\">\n\t\t\t\t\t\t\t\t\t\t\t\t\t\t\t<img loading=\"lazy\" decoding=\"async\" width=\"225\" height=\"237\" src=\"https:\/\/www.sanbartolome.co\/wp-content\/uploads\/2024\/11\/centrales_imagen2.png\" class=\"attachment-large size-large wp-image-340\" alt=\"\" \/>\t\t\t\t\t\t\t\t\t\t\t\t\t\t\t<\/div>\n\t\t\t\t<\/div>\n\t\t\t\t<\/div>\n\t\t<div class=\"elementor-element elementor-element-570fb92 e-con-full e-flex e-con e-child\" data-id=\"570fb92\" data-element_type=\"container\" data-e-type=\"container\">\n\t\t\t\t<div class=\"elementor-element elementor-element-0cba83d elementor-widget elementor-widget-heading\" data-id=\"0cba83d\" data-element_type=\"widget\" data-e-type=\"widget\" data-widget_type=\"heading.default\">\n\t\t\t\t<div class=\"elementor-widget-container\">\n\t\t\t\t\t<h2 class=\"elementor-heading-title elementor-size-default\">Caudal de<\/h2>\t\t\t\t<\/div>\n\t\t\t\t<\/div>\n\t\t\t\t<div class=\"elementor-element elementor-element-c1138f3 elementor-widget elementor-widget-heading\" data-id=\"c1138f3\" data-element_type=\"widget\" data-e-type=\"widget\" data-widget_type=\"heading.default\">\n\t\t\t\t<div class=\"elementor-widget-container\">\n\t\t\t\t\t<h2 class=\"elementor-heading-title elementor-size-default\">Garant\u00eda Ambiental<\/h2>\t\t\t\t<\/div>\n\t\t\t\t<\/div>\n\t\t\t\t<div class=\"elementor-element elementor-element-5185893 elementor-widget elementor-widget-spacer\" data-id=\"5185893\" data-element_type=\"widget\" data-e-type=\"widget\" data-widget_type=\"spacer.default\">\n\t\t\t\t<div class=\"elementor-widget-container\">\n\t\t\t\t\t\t\t<div class=\"elementor-spacer\">\n\t\t\t<div class=\"elementor-spacer-inner\"><\/div>\n\t\t<\/div>\n\t\t\t\t\t\t<\/div>\n\t\t\t\t<\/div>\n\t\t\t\t<div class=\"elementor-element elementor-element-f6f550c elementor-widget elementor-widget-text-editor\" data-id=\"f6f550c\" data-element_type=\"widget\" data-e-type=\"widget\" data-widget_type=\"text-editor.default\">\n\t\t\t\t<div class=\"elementor-widget-container\">\n\t\t\t\t\t\t\t\t\t<p>El caudal de garant\u00eda ambiental es la cantidad m\u00ednima de agua que debe mantenerse en un r\u00edo para preservar la salud del ecosistema acu\u00e1tico.<\/p><p><strong>Asegura que haya suficiente agua para los h\u00e1bitats naturales y la vida silvestre, como peces y plantas,<\/strong> y para regular el flujo del r\u00edo, evitando problemas como la erosi\u00f3n y la sedimentaci\u00f3n.<\/p><p><strong>Tambi\u00e9n ayuda a mantener la calidad del agua<\/strong> y permite la diluci\u00f3n de contaminantes, garantizando la sostenibilidad del entorno acu\u00e1tico.<\/p>\t\t\t\t\t\t\t\t<\/div>\n\t\t\t\t<\/div>\n\t\t\t\t<\/div>\n\t\t\t\t\t<\/div>\n\t\t\t\t<\/div>\n\t\t<div class=\"elementor-element elementor-element-6a96e24 e-flex e-con-boxed e-con e-parent\" data-id=\"6a96e24\" data-element_type=\"container\" data-e-type=\"container\" data-settings=\"{&quot;background_background&quot;:&quot;classic&quot;}\">\n\t\t\t\t\t<div class=\"e-con-inner\">\n\t\t<div class=\"elementor-element elementor-element-edef78c e-con-full e-flex e-con e-child\" data-id=\"edef78c\" data-element_type=\"container\" data-e-type=\"container\">\n\t\t<div class=\"elementor-element elementor-element-37cee24 e-con-full e-flex e-con e-child\" data-id=\"37cee24\" data-element_type=\"container\" data-e-type=\"container\">\n\t\t\t\t<div class=\"elementor-element elementor-element-3410043 elementor-widget elementor-widget-heading\" data-id=\"3410043\" data-element_type=\"widget\" data-e-type=\"widget\" data-widget_type=\"heading.default\">\n\t\t\t\t<div class=\"elementor-widget-container\">\n\t\t\t\t\t<h2 class=\"elementor-heading-title elementor-size-default\">Gesti\u00f3n de recursos<\/h2>\t\t\t\t<\/div>\n\t\t\t\t<\/div>\n\t\t<div class=\"elementor-element elementor-element-923f5df e-con-full e-flex e-con e-child\" data-id=\"923f5df\" data-element_type=\"container\" data-e-type=\"container\">\n\t\t\t\t<div class=\"elementor-element elementor-element-15d6440 elementor-absolute elementor-widget elementor-widget-image\" data-id=\"15d6440\" data-element_type=\"widget\" data-e-type=\"widget\" data-settings=\"{&quot;_position&quot;:&quot;absolute&quot;}\" data-widget_type=\"image.default\">\n\t\t\t\t<div class=\"elementor-widget-container\">\n\t\t\t\t\t\t\t\t\t\t\t\t\t\t\t<img loading=\"lazy\" decoding=\"async\" width=\"122\" height=\"122\" src=\"https:\/\/www.sanbartolome.co\/wp-content\/uploads\/2024\/11\/centrales_Icono5.png\" class=\"attachment-large size-large wp-image-401\" alt=\"\" \/>\t\t\t\t\t\t\t\t\t\t\t\t\t\t\t<\/div>\n\t\t\t\t<\/div>\n\t\t\t\t<div class=\"elementor-element elementor-element-32ede28 elementor-widget elementor-widget-spacer\" data-id=\"32ede28\" data-element_type=\"widget\" data-e-type=\"widget\" data-widget_type=\"spacer.default\">\n\t\t\t\t<div class=\"elementor-widget-container\">\n\t\t\t\t\t\t\t<div class=\"elementor-spacer\">\n\t\t\t<div class=\"elementor-spacer-inner\"><\/div>\n\t\t<\/div>\n\t\t\t\t\t\t<\/div>\n\t\t\t\t<\/div>\n\t\t\t\t<div class=\"elementor-element elementor-element-e7d3d0f elementor-widget elementor-widget-text-editor\" data-id=\"e7d3d0f\" data-element_type=\"widget\" data-e-type=\"widget\" data-widget_type=\"text-editor.default\">\n\t\t\t\t<div class=\"elementor-widget-container\">\n\t\t\t\t\t\t\t\t\t<div class=\"page\" title=\"Page 3\"><div class=\"section\"><div class=\"layoutArea\"><div class=\"column\"><p>La gestio\u0301n de recursos hi\u0301dricos implica un seguimiento continuo y detallado de las fuentes de agua para asegurar su sostenibilidad y calidad. Este proceso incluye la monitorizacio\u0301n del caudal, la calidad del agua y el impacto ambiental de las actividades humanas en las cuencas.<\/p><\/div><\/div><\/div><\/div>\t\t\t\t\t\t\t\t<\/div>\n\t\t\t\t<\/div>\n\t\t\t\t<div class=\"elementor-element elementor-element-c3f72e2 elementor-widget elementor-widget-text-editor\" data-id=\"c3f72e2\" data-element_type=\"widget\" data-e-type=\"widget\" data-widget_type=\"text-editor.default\">\n\t\t\t\t<div class=\"elementor-widget-container\">\n\t\t\t\t\t\t\t\t\t<div class=\"page\" title=\"Page 3\"><div class=\"section\"><div class=\"layoutArea\"><div class=\"column\"><p>Un manejo adecuado permite optimizar el uso del agua para diversas necesidades, prevenir la contaminacio\u0301n y proteger los ecosistemas acua\u0301ticos. La gestio\u0301n efectiva tambie\u0301n asegura que los recursos hi\u0301dricos este\u0301n disponibles para las generaciones futuras, equilibrando el desarrollo con la conservacio\u0301n ambiental.<\/p><\/div><\/div><\/div><\/div>\t\t\t\t\t\t\t\t<\/div>\n\t\t\t\t<\/div>\n\t\t\t\t<\/div>\n\t\t\t\t<\/div>\n\t\t<div class=\"elementor-element elementor-element-c9f4468 e-con-full e-flex e-con e-child\" data-id=\"c9f4468\" data-element_type=\"container\" data-e-type=\"container\">\n\t\t\t\t<div class=\"elementor-element elementor-element-5fa6aa8 elementor-widget elementor-widget-image\" data-id=\"5fa6aa8\" data-element_type=\"widget\" data-e-type=\"widget\" data-widget_type=\"image.default\">\n\t\t\t\t<div class=\"elementor-widget-container\">\n\t\t\t\t\t\t\t\t\t\t\t\t\t\t\t<img loading=\"lazy\" decoding=\"async\" width=\"754\" height=\"1024\" src=\"https:\/\/www.sanbartolome.co\/wp-content\/uploads\/2024\/11\/gestion_recursos_-754x1024.png\" class=\"attachment-large size-large wp-image-1117\" alt=\"\" srcset=\"https:\/\/www.sanbartolome.co\/wp-content\/uploads\/2024\/11\/gestion_recursos_-754x1024.png 754w, https:\/\/www.sanbartolome.co\/wp-content\/uploads\/2024\/11\/gestion_recursos_-221x300.png 221w, https:\/\/www.sanbartolome.co\/wp-content\/uploads\/2024\/11\/gestion_recursos_-768x1043.png 768w, https:\/\/www.sanbartolome.co\/wp-content\/uploads\/2024\/11\/gestion_recursos_.png 894w\" sizes=\"(max-width: 754px) 100vw, 754px\" \/>\t\t\t\t\t\t\t\t\t\t\t\t\t\t\t<\/div>\n\t\t\t\t<\/div>\n\t\t\t\t<\/div>\n\t\t\t\t<\/div>\n\t\t\t\t\t<\/div>\n\t\t\t\t<\/div>\n\t\t<div class=\"elementor-element elementor-element-6e70a73 e-flex e-con-boxed e-con e-parent\" data-id=\"6e70a73\" data-element_type=\"container\" data-e-type=\"container\" data-settings=\"{&quot;background_background&quot;:&quot;classic&quot;}\">\n\t\t\t\t\t<div class=\"e-con-inner\">\n\t\t\t\t<div class=\"elementor-element elementor-element-9438f1c elementor-widget elementor-widget-heading\" data-id=\"9438f1c\" data-element_type=\"widget\" data-e-type=\"widget\" data-widget_type=\"heading.default\">\n\t\t\t\t<div class=\"elementor-widget-container\">\n\t\t\t\t\t<h2 class=\"elementor-heading-title elementor-size-default\">Monitoreo<\/h2>\t\t\t\t<\/div>\n\t\t\t\t<\/div>\n\t\t\t\t<div class=\"elementor-element elementor-element-de26262 elementor-widget elementor-widget-media-carousel\" data-id=\"de26262\" data-element_type=\"widget\" data-e-type=\"widget\" data-widget_type=\"media-carousel.default\">\n\t\t\t\t<div class=\"elementor-widget-container\">\n\t\t\t\t\t \t\t\t\t<\/div>\n\t\t\t\t<\/div>\n\t\t\t\t\t<\/div>\n\t\t\t\t<\/div>\n\t\t<div class=\"elementor-element elementor-element-9277896 e-flex e-con-boxed e-con e-parent\" data-id=\"9277896\" data-element_type=\"container\" data-e-type=\"container\" data-settings=\"{&quot;background_background&quot;:&quot;classic&quot;}\">\n\t\t\t\t\t<div class=\"e-con-inner\">\n\t\t<div class=\"elementor-element elementor-element-18aa23d e-con-full e-flex e-con e-child\" data-id=\"18aa23d\" data-element_type=\"container\" data-e-type=\"container\">\n\t\t\t\t<div class=\"elementor-element elementor-element-6eb107a elementor-widget__width-initial elementor-absolute elementor-widget elementor-widget-image\" data-id=\"6eb107a\" data-element_type=\"widget\" data-e-type=\"widget\" data-settings=\"{&quot;_position&quot;:&quot;absolute&quot;}\" data-widget_type=\"image.default\">\n\t\t\t\t<div class=\"elementor-widget-container\">\n\t\t\t\t\t\t\t\t\t\t\t\t\t\t\t<img loading=\"lazy\" decoding=\"async\" width=\"265\" height=\"91\" src=\"https:\/\/www.sanbartolome.co\/wp-content\/uploads\/2024\/11\/medioamb_Iconos-14.png\" class=\"attachment-large size-large wp-image-840\" alt=\"\" \/>\t\t\t\t\t\t\t\t\t\t\t\t\t\t\t<\/div>\n\t\t\t\t<\/div>\n\t\t\t\t<div class=\"elementor-element elementor-element-dc7e38d elementor-widget elementor-widget-heading\" data-id=\"dc7e38d\" data-element_type=\"widget\" data-e-type=\"widget\" data-widget_type=\"heading.default\">\n\t\t\t\t<div class=\"elementor-widget-container\">\n\t\t\t\t\t<h2 class=\"elementor-heading-title elementor-size-default\">Bonos de carbono<\/h2>\t\t\t\t<\/div>\n\t\t\t\t<\/div>\n\t\t\t\t<div class=\"elementor-element elementor-element-c758f8c elementor-widget elementor-widget-text-editor\" data-id=\"c758f8c\" data-element_type=\"widget\" data-e-type=\"widget\" data-widget_type=\"text-editor.default\">\n\t\t\t\t<div class=\"elementor-widget-container\">\n\t\t\t\t\t\t\t\t\t<div class=\"page\" title=\"Page 3\"><div class=\"section\"><div class=\"layoutArea\"><div class=\"column\"><p>En 2024, Colombia ha avanzado significativamente en la implementacio\u0301n de bonos de carbono como parte de su estrategia para combatir el cambio clima\u0301tico y promover la sostenibilidad. Estos bonos representan una herramienta clave para financiar proyectos que reducen las emisiones de gases de efecto invernadero y contribuyen a la conservacio\u0301n ambiental.<\/p><p>A trave\u0301s de la canasta energe\u0301tica, que incluye una combinacio\u0301n de fuentes renovables y no renovables, el pai\u0301s busca diversificar su matriz energe\u0301tica, integrando energi\u0301as limpias y reduciendo la dependencia de combustibles fo\u0301siles.<\/p><p>La combinacio\u0301n de bonos de carbono y una canasta energe\u0301tica equilibrada permite a Colombia avanzar hacia un futuro ma\u0301s sostenible, cumpliendo con los objetivos clima\u0301ticos internacionales y fomentando el desarrollo econo\u0301mico verde.<\/p><\/div><\/div><\/div><\/div>\t\t\t\t\t\t\t\t<\/div>\n\t\t\t\t<\/div>\n\t\t\t\t<\/div>\n\t\t\t\t\t<\/div>\n\t\t\t\t<\/div>\n\t\t<div class=\"elementor-element elementor-element-a2ec412 e-flex e-con-boxed e-con e-parent\" data-id=\"a2ec412\" data-element_type=\"container\" data-e-type=\"container\" data-settings=\"{&quot;background_background&quot;:&quot;classic&quot;}\">\n\t\t\t\t\t<div class=\"e-con-inner\">\n\t\t\t\t<div class=\"elementor-element elementor-element-b9cc7c4 elementor-widget elementor-widget-heading\" data-id=\"b9cc7c4\" data-element_type=\"widget\" data-e-type=\"widget\" data-widget_type=\"heading.default\">\n\t\t\t\t<div class=\"elementor-widget-container\">\n\t\t\t\t\t<h2 class=\"elementor-heading-title elementor-size-default\">Fauna y Flora<\/h2>\t\t\t\t<\/div>\n\t\t\t\t<\/div>\n\t\t\t\t<div class=\"elementor-element elementor-element-05c196c elementor-widget elementor-widget-spacer\" data-id=\"05c196c\" data-element_type=\"widget\" data-e-type=\"widget\" data-widget_type=\"spacer.default\">\n\t\t\t\t<div class=\"elementor-widget-container\">\n\t\t\t\t\t\t\t<div class=\"elementor-spacer\">\n\t\t\t<div class=\"elementor-spacer-inner\"><\/div>\n\t\t<\/div>\n\t\t\t\t\t\t<\/div>\n\t\t\t\t<\/div>\n\t\t<div class=\"elementor-element elementor-element-3da2dfe e-con-full e-flex e-con e-child\" data-id=\"3da2dfe\" data-element_type=\"container\" data-e-type=\"container\" data-settings=\"{&quot;background_background&quot;:&quot;classic&quot;}\">\n\t\t<div class=\"elementor-element elementor-element-002dc0d e-con-full e-flex e-con e-child\" data-id=\"002dc0d\" data-element_type=\"container\" data-e-type=\"container\">\n\t\t\t\t<div class=\"elementor-element elementor-element-ea5ca7d elementor-absolute elementor-widget elementor-widget-heading\" data-id=\"ea5ca7d\" data-element_type=\"widget\" data-e-type=\"widget\" data-settings=\"{&quot;_position&quot;:&quot;absolute&quot;}\" data-widget_type=\"heading.default\">\n\t\t\t\t<div class=\"elementor-widget-container\">\n\t\t\t\t\t<h2 class=\"elementor-heading-title elementor-size-default\">Recuperaci\u00f3n de ecosistema<\/h2>\t\t\t\t<\/div>\n\t\t\t\t<\/div>\n\t\t\t\t<div class=\"elementor-element elementor-element-331e330 elementor-widget elementor-widget-media-carousel\" data-id=\"331e330\" data-element_type=\"widget\" data-e-type=\"widget\" data-widget_type=\"media-carousel.default\">\n\t\t\t\t<div class=\"elementor-widget-container\">\n\t\t\t\t\t \t\t\t\t<\/div>\n\t\t\t\t<\/div>\n\t\t\t\t<\/div>\n\t\t<div class=\"elementor-element elementor-element-712ead2 e-con-full e-flex e-con e-child\" data-id=\"712ead2\" data-element_type=\"container\" data-e-type=\"container\">\n\t\t\t\t<div class=\"elementor-element elementor-element-e8ab062 elementor-absolute elementor-widget elementor-widget-image\" data-id=\"e8ab062\" data-element_type=\"widget\" data-e-type=\"widget\" data-settings=\"{&quot;_position&quot;:&quot;absolute&quot;}\" data-widget_type=\"image.default\">\n\t\t\t\t<div class=\"elementor-widget-container\">\n\t\t\t\t\t\t\t\t\t\t\t\t\t\t\t<img loading=\"lazy\" decoding=\"async\" width=\"640\" height=\"466\" src=\"https:\/\/www.sanbartolome.co\/wp-content\/uploads\/2024\/11\/medioamb_Imagen-15.png\" class=\"attachment-large size-large wp-image-862\" alt=\"\" srcset=\"https:\/\/www.sanbartolome.co\/wp-content\/uploads\/2024\/11\/medioamb_Imagen-15.png 640w, https:\/\/www.sanbartolome.co\/wp-content\/uploads\/2024\/11\/medioamb_Imagen-15-300x218.png 300w\" sizes=\"(max-width: 640px) 100vw, 640px\" \/>\t\t\t\t\t\t\t\t\t\t\t\t\t\t\t<\/div>\n\t\t\t\t<\/div>\n\t\t\t\t<div class=\"elementor-element elementor-element-dee2b64 elementor-absolute elementor-widget elementor-widget-heading\" data-id=\"dee2b64\" data-element_type=\"widget\" data-e-type=\"widget\" data-settings=\"{&quot;_position&quot;:&quot;absolute&quot;}\" data-widget_type=\"heading.default\">\n\t\t\t\t<div class=\"elementor-widget-container\">\n\t\t\t\t\t<h2 class=\"elementor-heading-title elementor-size-default\">Paso de fauna<\/h2>\t\t\t\t<\/div>\n\t\t\t\t<\/div>\n\t\t\t\t<\/div>\n\t\t\t\t<\/div>\n\t\t\t\t\t<\/div>\n\t\t\t\t<\/div>\n\t\t<div class=\"elementor-element elementor-element-f555265 e-flex e-con-boxed e-con e-parent\" data-id=\"f555265\" data-element_type=\"container\" data-e-type=\"container\">\n\t\t\t\t\t<div class=\"e-con-inner\">\n\t\t\t\t<div class=\"elementor-element elementor-element-1bdabd1 elementor-widget elementor-widget-video\" data-id=\"1bdabd1\" data-element_type=\"widget\" data-e-type=\"widget\" data-settings=\"{&quot;youtube_url&quot;:&quot;https:\\\/\\\/www.youtube.com\\\/watch?v=Qu8LOKcbTW8&quot;,&quot;video_type&quot;:&quot;youtube&quot;,&quot;controls&quot;:&quot;yes&quot;}\" data-widget_type=\"video.default\">\n\t\t\t\t<div class=\"elementor-widget-container\">\n\t\t\t\t\t\t\t<div class=\"elementor-wrapper elementor-open-inline\">\n\t\t\t<div class=\"elementor-video\"><\/div>\t\t<\/div>\n\t\t\t\t\t\t<\/div>\n\t\t\t\t<\/div>\n\t\t\t\t\t<\/div>\n\t\t\t\t<\/div>\n\t\t\t\t<\/div>\n\t\t","protected":false},"excerpt":{"rendered":"<p>Medio Ambiente Ubicada ri\u0301o abajo en el Oibita Caudal de Garant\u00eda Ambiental El caudal de garant\u00eda ambiental es la cantidad m\u00ednima de agua que debe mantenerse en un r\u00edo para preservar la salud del ecosistema acu\u00e1tico. Asegura que haya suficiente agua para los h\u00e1bitats naturales y la vida silvestre, como peces y plantas, y para [&hellip;]<\/p>\n","protected":false},"author":1,"featured_media":0,"parent":0,"menu_order":0,"comment_status":"closed","ping_status":"closed","template":"elementor_header_footer","meta":{"footnotes":""},"class_list":["post-58","page","type-page","status-publish","hentry"],"_links":{"self":[{"href":"https:\/\/www.sanbartolome.co\/index.php?rest_route=\/wp\/v2\/pages\/58","targetHints":{"allow":["GET"]}}],"collection":[{"href":"https:\/\/www.sanbartolome.co\/index.php?rest_route=\/wp\/v2\/pages"}],"about":[{"href":"https:\/\/www.sanbartolome.co\/index.php?rest_route=\/wp\/v2\/types\/page"}],"author":[{"embeddable":true,"href":"https:\/\/www.sanbartolome.co\/index.php?rest_route=\/wp\/v2\/users\/1"}],"replies":[{"embeddable":true,"href":"https:\/\/www.sanbartolome.co\/index.php?rest_route=%2Fwp%2Fv2%2Fcomments&post=58"}],"version-history":[{"count":190,"href":"https:\/\/www.sanbartolome.co\/index.php?rest_route=\/wp\/v2\/pages\/58\/revisions"}],"predecessor-version":[{"id":6419,"href":"https:\/\/www.sanbartolome.co\/index.php?rest_route=\/wp\/v2\/pages\/58\/revisions\/6419"}],"wp:attachment":[{"href":"https:\/\/www.sanbartolome.co\/index.php?rest_route=%2Fwp%2Fv2%2Fmedia&parent=58"}],"curies":[{"name":"wp","href":"https:\/\/api.w.org\/{rel}","templated":true}]}}